{"id":305,"date":"2017-03-14T17:41:48","date_gmt":"2017-03-14T17:41:48","guid":{"rendered":"http:\/\/www.full-parallax-imaging.eu\/TS3\/?page_id=305"},"modified":"2017-04-03T12:13:15","modified_gmt":"2017-04-03T12:13:15","slug":"participants","status":"publish","type":"page","link":"https:\/\/www.full-parallax-imaging.eu\/TS3\/participants\/","title":{"rendered":"Participants"},"content":{"rendered":"<table>\n<tbody>\n<tr>\n<td>Waqas Ahmad<\/td>\n<td>ESR<\/td>\n<td>(Mid Sweden University)<\/td>\n<\/tr>\n<tr>\n<td>Amir Ansari<\/td>\n<td>ESR<\/td>\n<td>(Valencia University)<\/td>\n<\/tr>\n<tr>\n<td>Mehdi Daniel Ardebili<\/td>\n<td>ESR<\/td>\n<td>(Raytrix, Kiel)<\/td>\n<\/tr>\n<tr>\n<td>Robert Bregovic<\/td>\n<td><\/td>\n<td>(Tampere University)<\/td>\n<\/tr>\n<tr>\n<td>Matthias Carlsohn<\/td>\n<td><\/td>\n<td>(CVIC, Bremen)<\/td>\n<\/tr>\n<tr>\n<td>Aron Cserkaszky<\/td>\n<td>ESR<\/td>\n<td>(Holografika, Budapest)<\/td>\n<\/tr>\n<tr>\n<td>Elijs Dima<\/td>\n<td><\/td>\n<td>(Mid Sweden University)<\/td>\n<\/tr>\n<tr>\n<td>Oleksii Doronin<\/td>\n<td>ESR<\/td>\n<td>(Holografika, Budapest)<\/td>\n<\/tr>\n<tr>\n<td>Arne Erdmann<\/td>\n<td><\/td>\n<td>(Raytrix, Kiel)<\/td>\n<\/tr>\n<tr>\n<td>Sandro Esquivel<\/td>\n<td><\/td>\n<td>(Kiel University)<\/td>\n<\/tr>\n<tr>\n<td>Maydel Fernandez Alonso<\/td>\n<td>ESR<\/td>\n<td>(Newcastle University)<\/td>\n<\/tr>\n<tr>\n<td>Yuan Gao<\/td>\n<td>ESR<\/td>\n<td>(Kiel University)<\/td>\n<\/tr>\n<tr>\n<td>Filipe Gama<\/td>\n<td>ESR<\/td>\n<td>(Tampere University)<\/td>\n<\/tr>\n<tr>\n<td>Bastian Goldl\u00fccke<\/td>\n<td><\/td>\n<td>(Konstanz University)<\/td>\n<\/tr>\n<tr>\n<td>Atanas Gotchev<\/td>\n<td><\/td>\n<td>(Tampere University)<\/td>\n<\/tr>\n<tr>\n<td>Seokmin Hong<\/td>\n<td><\/td>\n<td>(Valencia University)<\/td>\n<\/tr>\n<tr>\n<td>Ilmari Huttu-Hiltunen<\/td>\n<td><\/td>\n<td>(Yleisradio Oy, Finland)<\/td>\n<\/tr>\n<tr>\n<td>Ole Johannsen<\/td>\n<td><\/td>\n<td>(Konstanz University)<\/td>\n<\/tr>\n<tr>\n<td>Christos Kaspiris-Rousellis<\/td>\n<td>ESR<\/td>\n<td>(Newcastle University)<\/td>\n<\/tr>\n<tr>\n<td>Joachim Keinert<\/td>\n<td><\/td>\n<td>(Fraunhofer IIS, Erlangen)<\/td>\n<\/tr>\n<tr>\n<td>Reinhard Koch<\/td>\n<td><\/td>\n<td>(Kiel University)<\/td>\n<\/tr>\n<tr>\n<td>Yongwei Li<\/td>\n<td>ESR<\/td>\n<td>(Mid Sweden University)<\/td>\n<\/tr>\n<tr>\n<td>Sergio Moreschini<\/td>\n<td>ESR<\/td>\n<td>(Tampere University)<\/td>\n<\/tr>\n<tr>\n<td>Karol Myszkowski<\/td>\n<td><\/td>\n<td>(Max Planck Institute, Saarbr\u00fccken)<\/td>\n<\/tr>\n<tr>\n<td>Ron op het Veld<\/td>\n<td>ESR<\/td>\n<td>(Fraunhofer IIS, Erlangen)<\/td>\n<\/tr>\n<tr>\n<td>Luca Palmieri<\/td>\n<td>ESR<\/td>\n<td>(Kiel University)<\/td>\n<\/tr>\n<tr>\n<td>Christian Perwass<\/td>\n<td><\/td>\n<td>(CluTec, Kiel)<\/td>\n<\/tr>\n<tr>\n<td>Arne Petersen<\/td>\n<td><\/td>\n<td>(Raytrix, Kiel)<\/td>\n<\/tr>\n<tr>\n<td>Jenny Read<\/td>\n<td><\/td>\n<td>(Newcastle University)<\/td>\n<\/tr>\n<tr>\n<td>Gabriele Scrofani<\/td>\n<td>ESR<\/td>\n<td>(Valencia University)<\/td>\n<\/tr>\n<tr>\n<td>M\u00e5rten Sj\u00f6str\u00f6m<\/td>\n<td><\/td>\n<td>(Mid Sweden University)<\/td>\n<\/tr>\n<tr>\n<td>Stefano Spyropoulos<\/td>\n<td><\/td>\n<td>(Raytrix, Kiel)<\/td>\n<\/tr>\n<tr>\n<td>Felix von Laffert<\/td>\n<td><\/td>\n<td>(REALEYES, Kiel)<\/td>\n<\/tr>\n<tr>\n<td>Faezeh Sadat Zakeri<\/td>\n<td>ESR<\/td>\n<td>(Fraunhofer IIS, Erlangen)<\/td>\n<\/tr>\n<\/tbody>\n<\/table>\n<table>\n<tbody>\n<tr>\n<td><img data-recalc-dims=\"1\" decoding=\"async\" loading=\"lazy\" class=\"aligncenter wp-image-67\" src=\"https:\/\/i0.wp.com\/www.full-parallax-imaging.eu\/wp-content\/uploads\/2015\/11\/EU_flag-300x201.jpg?resize=50%2C34\" alt=\"EU_flag\" width=\"50\" height=\"34\" \/><\/td>\n<td style=\"vertical-align: middle;\">ETN-FPI (Project number 676401) is funded under the H2020-MSCA-ITN-2015 call and is part of the Marie Sklodowska-Curie Actions \u2014 Innovative Training Networks (ITN) funding scheme<\/td>\n<\/tr>\n<\/tbody>\n<\/table>\n","protected":false},"excerpt":{"rendered":"<p>Waqas Ahmad ESR (Mid Sweden University) Amir Ansari ESR (Valencia University) Mehdi Daniel Ardebili ESR (Raytrix, Kiel) Robert Bregovic (Tampere University) Matthias Carlsohn (CVIC, Bremen) Aron Cserkaszky ESR (Holografika, Budapest) Elijs Dima (Mid Sweden University) Oleksii Doronin ESR (Holografika, Budapest) Arne Erdmann (Raytrix, Kiel) Sandro Esquivel (Kiel University) Maydel Fernandez Alonso ESR (Newcastle University) Yuan [&hellip;]<\/p>\n","protected":false},"author":5,"featured_media":0,"parent":0,"menu_order":0,"comment_status":"closed","ping_status":"closed","template":"","meta":{"nf_dc_page":"","footnotes":""},"class_list":["post-305","page","type-page","status-publish","hentry"],"yoast_head":"<!-- This site is optimized with the Yoast SEO plugin v26.9 - https:\/\/yoast.com\/product\/yoast-seo-wordpress\/ -->\n<title>Participants - Training School on &quot;Plenoptic sensing&quot;<\/title>\n<meta name=\"robots\" content=\"noindex, follow, max-snippet:-1, max-image-preview:large, max-video-preview:-1\" \/>\n<meta property=\"og:locale\" content=\"en_US\" \/>\n<meta property=\"og:type\" content=\"article\" \/>\n<meta property=\"og:title\" content=\"Participants - Training School on &quot;Plenoptic sensing&quot;\" \/>\n<meta property=\"og:description\" content=\"Waqas Ahmad ESR (Mid Sweden University) Amir Ansari ESR (Valencia University) Mehdi Daniel Ardebili ESR (Raytrix, Kiel) Robert Bregovic (Tampere University) Matthias Carlsohn (CVIC, Bremen) Aron Cserkaszky ESR (Holografika, Budapest) Elijs Dima (Mid Sweden University) Oleksii Doronin ESR (Holografika, Budapest) Arne Erdmann (Raytrix, Kiel) Sandro Esquivel (Kiel University) Maydel Fernandez Alonso ESR (Newcastle University) Yuan [&hellip;]\" \/>\n<meta property=\"og:url\" content=\"https:\/\/www.full-parallax-imaging.eu\/TS3\/participants\/\" \/>\n<meta property=\"og:site_name\" content=\"Training School on &quot;Plenoptic sensing&quot;\" \/>\n<meta property=\"article:modified_time\" content=\"2017-04-03T12:13:15+00:00\" \/>\n<meta property=\"og:image\" content=\"http:\/\/www.full-parallax-imaging.eu\/wp-content\/uploads\/2015\/11\/EU_flag-300x201.jpg\" \/>\n<meta name=\"twitter:card\" content=\"summary_large_image\" \/>\n<meta name=\"twitter:label1\" content=\"Est. reading time\" \/>\n\t<meta name=\"twitter:data1\" content=\"1 minute\" \/>\n<script type=\"application\/ld+json\" class=\"yoast-schema-graph\">{\"@context\":\"https:\/\/schema.org\",\"@graph\":[{\"@type\":\"WebPage\",\"@id\":\"https:\/\/www.full-parallax-imaging.eu\/TS3\/participants\/\",\"url\":\"https:\/\/www.full-parallax-imaging.eu\/TS3\/participants\/\",\"name\":\"Participants - Training School on &quot;Plenoptic sensing&quot;\",\"isPartOf\":{\"@id\":\"https:\/\/www.full-parallax-imaging.eu\/TS3\/#website\"},\"primaryImageOfPage\":{\"@id\":\"https:\/\/www.full-parallax-imaging.eu\/TS3\/participants\/#primaryimage\"},\"image\":{\"@id\":\"https:\/\/www.full-parallax-imaging.eu\/TS3\/participants\/#primaryimage\"},\"thumbnailUrl\":\"http:\/\/www.full-parallax-imaging.eu\/wp-content\/uploads\/2015\/11\/EU_flag-300x201.jpg\",\"datePublished\":\"2017-03-14T17:41:48+00:00\",\"dateModified\":\"2017-04-03T12:13:15+00:00\",\"inLanguage\":\"en-US\",\"potentialAction\":[{\"@type\":\"ReadAction\",\"target\":[\"https:\/\/www.full-parallax-imaging.eu\/TS3\/participants\/\"]}]},{\"@type\":\"ImageObject\",\"inLanguage\":\"en-US\",\"@id\":\"https:\/\/www.full-parallax-imaging.eu\/TS3\/participants\/#primaryimage\",\"url\":\"http:\/\/www.full-parallax-imaging.eu\/wp-content\/uploads\/2015\/11\/EU_flag-300x201.jpg\",\"contentUrl\":\"http:\/\/www.full-parallax-imaging.eu\/wp-content\/uploads\/2015\/11\/EU_flag-300x201.jpg\"},{\"@type\":\"WebSite\",\"@id\":\"https:\/\/www.full-parallax-imaging.eu\/TS3\/#website\",\"url\":\"https:\/\/www.full-parallax-imaging.eu\/TS3\/\",\"name\":\"Training School on &quot;Plenoptic sensing&quot;\",\"description\":\"\",\"potentialAction\":[{\"@type\":\"SearchAction\",\"target\":{\"@type\":\"EntryPoint\",\"urlTemplate\":\"https:\/\/www.full-parallax-imaging.eu\/TS3\/?s={search_term_string}\"},\"query-input\":{\"@type\":\"PropertyValueSpecification\",\"valueRequired\":true,\"valueName\":\"search_term_string\"}}],\"inLanguage\":\"en-US\"}]}<\/script>\n<!-- \/ Yoast SEO plugin. -->","yoast_head_json":{"title":"Participants - Training School on &quot;Plenoptic sensing&quot;","robots":{"index":"noindex","follow":"follow","max-snippet":"max-snippet:-1","max-image-preview":"max-image-preview:large","max-video-preview":"max-video-preview:-1"},"og_locale":"en_US","og_type":"article","og_title":"Participants - Training School on &quot;Plenoptic sensing&quot;","og_description":"Waqas Ahmad ESR (Mid Sweden University) Amir Ansari ESR (Valencia University) Mehdi Daniel Ardebili ESR (Raytrix, Kiel) Robert Bregovic (Tampere University) Matthias Carlsohn (CVIC, Bremen) Aron Cserkaszky ESR (Holografika, Budapest) Elijs Dima (Mid Sweden University) Oleksii Doronin ESR (Holografika, Budapest) Arne Erdmann (Raytrix, Kiel) Sandro Esquivel (Kiel University) Maydel Fernandez Alonso ESR (Newcastle University) Yuan [&hellip;]","og_url":"https:\/\/www.full-parallax-imaging.eu\/TS3\/participants\/","og_site_name":"Training School on &quot;Plenoptic sensing&quot;","article_modified_time":"2017-04-03T12:13:15+00:00","og_image":[{"url":"http:\/\/www.full-parallax-imaging.eu\/wp-content\/uploads\/2015\/11\/EU_flag-300x201.jpg","type":"","width":"","height":""}],"twitter_card":"summary_large_image","twitter_misc":{"Est. reading time":"1 minute"},"schema":{"@context":"https:\/\/schema.org","@graph":[{"@type":"WebPage","@id":"https:\/\/www.full-parallax-imaging.eu\/TS3\/participants\/","url":"https:\/\/www.full-parallax-imaging.eu\/TS3\/participants\/","name":"Participants - Training School on &quot;Plenoptic sensing&quot;","isPartOf":{"@id":"https:\/\/www.full-parallax-imaging.eu\/TS3\/#website"},"primaryImageOfPage":{"@id":"https:\/\/www.full-parallax-imaging.eu\/TS3\/participants\/#primaryimage"},"image":{"@id":"https:\/\/www.full-parallax-imaging.eu\/TS3\/participants\/#primaryimage"},"thumbnailUrl":"http:\/\/www.full-parallax-imaging.eu\/wp-content\/uploads\/2015\/11\/EU_flag-300x201.jpg","datePublished":"2017-03-14T17:41:48+00:00","dateModified":"2017-04-03T12:13:15+00:00","inLanguage":"en-US","potentialAction":[{"@type":"ReadAction","target":["https:\/\/www.full-parallax-imaging.eu\/TS3\/participants\/"]}]},{"@type":"ImageObject","inLanguage":"en-US","@id":"https:\/\/www.full-parallax-imaging.eu\/TS3\/participants\/#primaryimage","url":"http:\/\/www.full-parallax-imaging.eu\/wp-content\/uploads\/2015\/11\/EU_flag-300x201.jpg","contentUrl":"http:\/\/www.full-parallax-imaging.eu\/wp-content\/uploads\/2015\/11\/EU_flag-300x201.jpg"},{"@type":"WebSite","@id":"https:\/\/www.full-parallax-imaging.eu\/TS3\/#website","url":"https:\/\/www.full-parallax-imaging.eu\/TS3\/","name":"Training School on &quot;Plenoptic sensing&quot;","description":"","potentialAction":[{"@type":"SearchAction","target":{"@type":"EntryPoint","urlTemplate":"https:\/\/www.full-parallax-imaging.eu\/TS3\/?s={search_term_string}"},"query-input":{"@type":"PropertyValueSpecification","valueRequired":true,"valueName":"search_term_string"}}],"inLanguage":"en-US"}]}},"jetpack_sharing_enabled":true,"_links":{"self":[{"href":"https:\/\/www.full-parallax-imaging.eu\/TS3\/wp-json\/wp\/v2\/pages\/305","targetHints":{"allow":["GET"]}}],"collection":[{"href":"https:\/\/www.full-parallax-imaging.eu\/TS3\/wp-json\/wp\/v2\/pages"}],"about":[{"href":"https:\/\/www.full-parallax-imaging.eu\/TS3\/wp-json\/wp\/v2\/types\/page"}],"author":[{"embeddable":true,"href":"https:\/\/www.full-parallax-imaging.eu\/TS3\/wp-json\/wp\/v2\/users\/5"}],"replies":[{"embeddable":true,"href":"https:\/\/www.full-parallax-imaging.eu\/TS3\/wp-json\/wp\/v2\/comments?post=305"}],"version-history":[{"count":14,"href":"https:\/\/www.full-parallax-imaging.eu\/TS3\/wp-json\/wp\/v2\/pages\/305\/revisions"}],"predecessor-version":[{"id":391,"href":"https:\/\/www.full-parallax-imaging.eu\/TS3\/wp-json\/wp\/v2\/pages\/305\/revisions\/391"}],"wp:attachment":[{"href":"https:\/\/www.full-parallax-imaging.eu\/TS3\/wp-json\/wp\/v2\/media?parent=305"}],"curies":[{"name":"wp","href":"https:\/\/api.w.org\/{rel}","templated":true}]}}