{"id":14,"date":"2016-07-11T13:01:39","date_gmt":"2016-07-11T13:01:39","guid":{"rendered":"http:\/\/www.full-parallax-imaging.eu\/TS3\/?page_id=14"},"modified":"2018-05-25T06:28:53","modified_gmt":"2018-05-25T06:28:53","slug":"schedule","status":"publish","type":"page","link":"https:\/\/www.full-parallax-imaging.eu\/TS5\/schedule\/","title":{"rendered":"Schedule"},"content":{"rendered":"<p><img data-recalc-dims=\"1\" decoding=\"async\" loading=\"lazy\" class=\"alignnone size-full wp-image-78\" src=\"https:\/\/i0.wp.com\/www.full-parallax-imaging.eu\/TS5\/wp-content\/uploads\/2018\/01\/TS_0473_850x250.jpg?resize=625%2C184\" alt=\"Schedule. Photo: Tina Stafr\u00e9n\" width=\"625\" height=\"184\" srcset=\"https:\/\/i0.wp.com\/www.full-parallax-imaging.eu\/TS5\/wp-content\/uploads\/2018\/01\/TS_0473_850x250.jpg?w=850&amp;ssl=1 850w, https:\/\/i0.wp.com\/www.full-parallax-imaging.eu\/TS5\/wp-content\/uploads\/2018\/01\/TS_0473_850x250.jpg?resize=300%2C88&amp;ssl=1 300w, https:\/\/i0.wp.com\/www.full-parallax-imaging.eu\/TS5\/wp-content\/uploads\/2018\/01\/TS_0473_850x250.jpg?resize=768%2C226&amp;ssl=1 768w, https:\/\/i0.wp.com\/www.full-parallax-imaging.eu\/TS5\/wp-content\/uploads\/2018\/01\/TS_0473_850x250.jpg?resize=624%2C184&amp;ssl=1 624w\" sizes=\"auto, (max-width: 625px) 100vw, 625px\" \/><\/p>\n<p>Please note that on Wednesday May 30, the boarding by boat (school dinner) is at 17.30. Departure at 18.00<\/p>\n<h3>Credits<\/h3>\n<p>The amount of credits (4 ECTS) will be based on the study load during the school, which included attendance of 17 hours of lectures, 14 hours of exercises, preparing and presenting a poster on a topic of own research related with the scope of the school, and returning a four-page written report summarizing all lectures presented at the school with an emphasis on a selected topic of stronger interest.<\/p>\n<p><a href=\"http:\/\/www.full-parallax-imaging.eu\/TS5\/wp-content\/uploads\/2018\/05\/Schedule_IESS_Summer_School_2.pdf\" target=\"_blank\" rel=\"noopener\">Schedule IESS Summer_School\u00a0<\/a>(PDF file, opens in new window)<\/p>\n<p>More detailed schedule below<\/p>\n<p><img data-recalc-dims=\"1\" decoding=\"async\" loading=\"lazy\" class=\"alignleft size-large wp-image-387\" src=\"https:\/\/i0.wp.com\/www.full-parallax-imaging.eu\/TS5\/wp-content\/uploads\/2018\/05\/IEEE-SPS-Summer-School-Programme2.jpg?resize=625%2C896\" alt=\"\" width=\"625\" height=\"896\" srcset=\"https:\/\/i0.wp.com\/www.full-parallax-imaging.eu\/TS5\/wp-content\/uploads\/2018\/05\/IEEE-SPS-Summer-School-Programme2.jpg?resize=714%2C1024&amp;ssl=1 714w, https:\/\/i0.wp.com\/www.full-parallax-imaging.eu\/TS5\/wp-content\/uploads\/2018\/05\/IEEE-SPS-Summer-School-Programme2.jpg?resize=209%2C300&amp;ssl=1 209w, https:\/\/i0.wp.com\/www.full-parallax-imaging.eu\/TS5\/wp-content\/uploads\/2018\/05\/IEEE-SPS-Summer-School-Programme2.jpg?resize=768%2C1102&amp;ssl=1 768w, https:\/\/i0.wp.com\/www.full-parallax-imaging.eu\/TS5\/wp-content\/uploads\/2018\/05\/IEEE-SPS-Summer-School-Programme2.jpg?resize=624%2C896&amp;ssl=1 624w, https:\/\/i0.wp.com\/www.full-parallax-imaging.eu\/TS5\/wp-content\/uploads\/2018\/05\/IEEE-SPS-Summer-School-Programme2.jpg?w=995&amp;ssl=1 995w\" sizes=\"auto, (max-width: 625px) 100vw, 625px\" \/><\/p>\n<p>&nbsp;<\/p>\n<h3>IEEE SPS Summer School on \u201cLight Field Data Representation, Interpretation, and Compression\u201d<\/h3>\n<p><a href=\"http:\/\/www.full-parallax-imaging.eu\/TS5\/wp-content\/uploads\/2018\/05\/Schedule_IESS_Summer_School_2-1.pdf\" target=\"_blank\" rel=\"noopener\">Detailed schedule IESS_Summer School<\/a>\u00a0(PDF file, opens in new window)<\/p>\n<h4>Day 1 \u2013 Introduction to Light Field<\/h4>\n<p><strong>Lecture 1a (Donald Dansereau, 45 min)<\/strong><\/p>\n<ul>\n<li>Light field &#8211; Plenoptic function, two-plane parameterization<\/li>\n<li>2-Camera geometry, Camera sampling, calibration and sampled light fields<\/li>\n<li>A simple interpolating renderer: 4D light field to 2D view<\/li>\n<\/ul>\n<p><strong>Lecture 1b (Donald Dansereau, 45 min)<\/strong><\/p>\n<ul>\n<li>Epipolar plane images, homographies<\/li>\n<\/ul>\n<ul>\n<li>Spatial-domain refocusing and super-resolution<\/li>\n<li>Simple depth estimation from gradients<\/li>\n<\/ul>\n<p><strong>Lecture 1c (Donald Dansereau, 45 min)<\/strong><\/p>\n<ul>\n<li>Fourier Slice Theorem, frequency-domain refocusing<\/li>\n<li>Introduction to the Light Field Toolbox for Matlab<\/li>\n<\/ul>\n<p><strong>Exercise 1 (Donald Dansereau, 30 min + 90 min)<\/strong><\/p>\n<ul>\n<li>Hands-on use of the Light Field Toolbox for Matlab: loading, visualizing, linear filters, writing an interpolating light field renderer<strong>\u00a0<\/strong><\/li>\n<\/ul>\n<h3>Day 2 \u2013 Data Representation and Sparsification<\/h3>\n<p><strong>Lecture 2a (Atanas Gotchev, 45 min)<\/strong><\/p>\n<ul>\n<li>Fundamentals of Sparsification<\/li>\n<li>Densely sample light field<\/li>\n<\/ul>\n<p><strong>Lecture 2b (Atanas Gotchev, 45 min)<\/strong><\/p>\n<ul>\n<li>Sparsification in shearlet domain<\/li>\n<\/ul>\n<p><strong>Lecture 3a (Christine Guillemot, 45 min)<\/strong><\/p>\n<ul>\n<li>Fundamentals of Low Rank matrix Completion, examples in EPI<\/li>\n<\/ul>\n<p><strong>Lecture 3b (Christine Guillemot, 45 min)<\/strong><\/p>\n<ul>\n<li>Diffusion in EPI, Angular super-resolution<\/li>\n<\/ul>\n<p><strong>Exercise 2 (Atanas Gotchev, 90 min)<\/strong><\/p>\n<ul>\n<li>Exercises on sparsification in shearlet domain<\/li>\n<\/ul>\n<p><strong>Exercise 3 (Christine Guillemot, 90 min)<\/strong><\/p>\n<ul>\n<li>Exercises on low rank completion<\/li>\n<\/ul>\n<h4>Day 3 \u2013 Compression<\/h4>\n<p><strong>Lecture 4a (M\u00e5rten Sj\u00f6str\u00f6m, 45 min)<\/strong><\/p>\n<ul>\n<li>Introduction to image and video coding<\/li>\n<\/ul>\n<p><strong>Lecture 4b (Ioan Tabus, 45 min)<\/strong><\/p>\n<ul>\n<li>Introduction to Light Field compression<\/li>\n<\/ul>\n<p><strong>Lecture 4c (Ioan Tabus, 35 min)<\/strong><\/p>\n<ul>\n<li>Standardisation work for Light Field compression<\/li>\n<\/ul>\n<p><strong>Lecture 4d (Roger Olsson, 55 min)<\/strong><\/p>\n<ul>\n<li>Different approaches to LF Compressions and quality assessment<\/li>\n<\/ul>\n<p><strong>Exercise 4 (Ioan Tabus, 90 min)<\/strong><\/p>\n<ul>\n<li>Exercises on Light Field Compression using scripts<\/li>\n<\/ul>\n<p><strong>Lecture 5a (Christine Guillemot, 45 min)<\/strong><\/p>\n<ul>\n<li>Light Field Segmentation, super rays processing, super resolution<\/li>\n<\/ul>\n<p>&nbsp;<\/p>\n<h4>Day 4 &#8211; Processing<\/h4>\n<p><strong>Lecture 5b (Paolo Favaro, 45 min)<\/strong><\/p>\n<ul>\n<li>Computational Models for Light Field Imaging: Plenoptic point spread functions, light field images and phase space interpretation<\/li>\n<\/ul>\n<p><strong>Lecture 5c (Paolo Favaro, 45 min)<\/strong><\/p>\n<ul>\n<li>Depth estimation: stereo, multiview stereo, relations between point spread functions and depth<\/li>\n<\/ul>\n<p><strong>Lecture 5d (Paolo Favaro, 45 min)<\/strong><\/p>\n<ul>\n<li>Super-resolution (Extended depth of field) and motion deblurring with Light Field cameras<\/li>\n<\/ul>\n<p><strong>Exercise 5 (Paolo Favaro, 30 min + 90 min)<\/strong><\/p>\n<ul>\n<li>Exercises on light field imaging, depth estimation, motion de-blurring<\/li>\n<\/ul>\n<h4><\/h4>\n<h4>Day 5 \u2013 Rendering<\/h4>\n<p><strong>Lecture 6a (Attila Barsi, 45 min)<\/strong><\/p>\n<ul>\n<li>Rasterized rendering on GPUs.\n<ul>\n<li>Definition of virtual scenes, scene graphs, etc.<\/li>\n<li>Geometry, lights, cameras, shaders, materials, local illumination model, basics of shading, etc.<\/li>\n<\/ul>\n<\/li>\n<\/ul>\n<p><strong>Lecture 6b (Attila Barsi, 45 min)<\/strong><\/p>\n<ul>\n<li>Ray tracing on CPUs and GPUs: path tracing, whitted ray tracer<\/li>\n<\/ul>\n<p><strong>Exercise 6 (Attila Barsi, 45 min + 45 min)<\/strong><\/p>\n<ul>\n<li>Rasterization and Ray tracing<\/li>\n<\/ul>\n<p>&nbsp;<\/p>\n<table>\n<tbody>\n<tr>\n<td><img data-recalc-dims=\"1\" decoding=\"async\" loading=\"lazy\" class=\"aligncenter wp-image-67\" src=\"https:\/\/i0.wp.com\/www.full-parallax-imaging.eu\/wp-content\/uploads\/2015\/11\/EU_flag-300x201.jpg?resize=50%2C34\" alt=\"EU_flag\" width=\"50\" height=\"34\" \/><\/td>\n<td style=\"vertical-align: middle;\">ETN-FPI (Project number 676401) is funded under the H2020-MSCA-ITN-2015 call and is part of the Marie Sklodowska-Curie Actions \u2014 Innovative Training Networks (ITN) funding scheme<\/td>\n<\/tr>\n<\/tbody>\n<\/table>\n","protected":false},"excerpt":{"rendered":"<p>Please note that on Wednesday May 30, the boarding by boat (school dinner) is at 17.30. Departure at 18.00 Credits The amount of credits (4 ECTS) will be based on the study load during the school, which included attendance of 17 hours of lectures, 14 hours of exercises, preparing and presenting a poster on a [&hellip;]<\/p>\n","protected":false},"author":1,"featured_media":0,"parent":0,"menu_order":0,"comment_status":"closed","ping_status":"closed","template":"","meta":{"nf_dc_page":"","footnotes":""},"class_list":["post-14","page","type-page","status-publish","hentry"],"yoast_head":"<!-- This site is optimized with the Yoast SEO plugin v26.9 - https:\/\/yoast.com\/product\/yoast-seo-wordpress\/ -->\n<title>Schedule - Training School on &quot;&quot;<\/title>\n<meta name=\"robots\" content=\"noindex, follow, max-snippet:-1, max-image-preview:large, max-video-preview:-1\" \/>\n<meta property=\"og:locale\" content=\"en_US\" \/>\n<meta property=\"og:type\" content=\"article\" \/>\n<meta property=\"og:title\" content=\"Schedule - Training School on &quot;&quot;\" \/>\n<meta property=\"og:description\" content=\"Please note that on Wednesday May 30, the boarding by boat (school dinner) is at 17.30. Departure at 18.00 Credits The amount of credits (4 ECTS) will be based on the study load during the school, which included attendance of 17 hours of lectures, 14 hours of exercises, preparing and presenting a poster on a [&hellip;]\" \/>\n<meta property=\"og:url\" content=\"https:\/\/www.full-parallax-imaging.eu\/TS5\/schedule\/\" \/>\n<meta property=\"og:site_name\" content=\"Training School on &quot;&quot;\" \/>\n<meta property=\"article:modified_time\" content=\"2018-05-25T06:28:53+00:00\" \/>\n<meta property=\"og:image\" content=\"http:\/\/www.full-parallax-imaging.eu\/TS5\/wp-content\/uploads\/2018\/01\/TS_0473_850x250.jpg\" \/>\n<meta name=\"twitter:card\" content=\"summary_large_image\" \/>\n<meta name=\"twitter:label1\" content=\"Est. reading time\" \/>\n\t<meta name=\"twitter:data1\" content=\"3 minutes\" \/>\n<script type=\"application\/ld+json\" class=\"yoast-schema-graph\">{\"@context\":\"https:\/\/schema.org\",\"@graph\":[{\"@type\":\"WebPage\",\"@id\":\"https:\/\/www.full-parallax-imaging.eu\/TS5\/schedule\/\",\"url\":\"https:\/\/www.full-parallax-imaging.eu\/TS5\/schedule\/\",\"name\":\"Schedule - Training School on &quot;&quot;\",\"isPartOf\":{\"@id\":\"https:\/\/www.full-parallax-imaging.eu\/TS5\/#website\"},\"primaryImageOfPage\":{\"@id\":\"https:\/\/www.full-parallax-imaging.eu\/TS5\/schedule\/#primaryimage\"},\"image\":{\"@id\":\"https:\/\/www.full-parallax-imaging.eu\/TS5\/schedule\/#primaryimage\"},\"thumbnailUrl\":\"http:\/\/www.full-parallax-imaging.eu\/TS5\/wp-content\/uploads\/2018\/01\/TS_0473_850x250.jpg\",\"datePublished\":\"2016-07-11T13:01:39+00:00\",\"dateModified\":\"2018-05-25T06:28:53+00:00\",\"inLanguage\":\"en-US\",\"potentialAction\":[{\"@type\":\"ReadAction\",\"target\":[\"https:\/\/www.full-parallax-imaging.eu\/TS5\/schedule\/\"]}]},{\"@type\":\"ImageObject\",\"inLanguage\":\"en-US\",\"@id\":\"https:\/\/www.full-parallax-imaging.eu\/TS5\/schedule\/#primaryimage\",\"url\":\"https:\/\/i0.wp.com\/www.full-parallax-imaging.eu\/TS5\/wp-content\/uploads\/2018\/01\/TS_0473_850x250.jpg?fit=850%2C250&ssl=1\",\"contentUrl\":\"https:\/\/i0.wp.com\/www.full-parallax-imaging.eu\/TS5\/wp-content\/uploads\/2018\/01\/TS_0473_850x250.jpg?fit=850%2C250&ssl=1\",\"width\":850,\"height\":250,\"caption\":\"Schedule. Photo: Tina Stafr\u00e9n\"},{\"@type\":\"WebSite\",\"@id\":\"https:\/\/www.full-parallax-imaging.eu\/TS5\/#website\",\"url\":\"https:\/\/www.full-parallax-imaging.eu\/TS5\/\",\"name\":\"Training School on &quot;&quot;\",\"description\":\"\",\"potentialAction\":[{\"@type\":\"SearchAction\",\"target\":{\"@type\":\"EntryPoint\",\"urlTemplate\":\"https:\/\/www.full-parallax-imaging.eu\/TS5\/?s={search_term_string}\"},\"query-input\":{\"@type\":\"PropertyValueSpecification\",\"valueRequired\":true,\"valueName\":\"search_term_string\"}}],\"inLanguage\":\"en-US\"}]}<\/script>\n<!-- \/ Yoast SEO plugin. -->","yoast_head_json":{"title":"Schedule - Training School on &quot;&quot;","robots":{"index":"noindex","follow":"follow","max-snippet":"max-snippet:-1","max-image-preview":"max-image-preview:large","max-video-preview":"max-video-preview:-1"},"og_locale":"en_US","og_type":"article","og_title":"Schedule - Training School on &quot;&quot;","og_description":"Please note that on Wednesday May 30, the boarding by boat (school dinner) is at 17.30. Departure at 18.00 Credits The amount of credits (4 ECTS) will be based on the study load during the school, which included attendance of 17 hours of lectures, 14 hours of exercises, preparing and presenting a poster on a [&hellip;]","og_url":"https:\/\/www.full-parallax-imaging.eu\/TS5\/schedule\/","og_site_name":"Training School on &quot;&quot;","article_modified_time":"2018-05-25T06:28:53+00:00","og_image":[{"url":"http:\/\/www.full-parallax-imaging.eu\/TS5\/wp-content\/uploads\/2018\/01\/TS_0473_850x250.jpg","type":"","width":"","height":""}],"twitter_card":"summary_large_image","twitter_misc":{"Est. reading time":"3 minutes"},"schema":{"@context":"https:\/\/schema.org","@graph":[{"@type":"WebPage","@id":"https:\/\/www.full-parallax-imaging.eu\/TS5\/schedule\/","url":"https:\/\/www.full-parallax-imaging.eu\/TS5\/schedule\/","name":"Schedule - Training School on &quot;&quot;","isPartOf":{"@id":"https:\/\/www.full-parallax-imaging.eu\/TS5\/#website"},"primaryImageOfPage":{"@id":"https:\/\/www.full-parallax-imaging.eu\/TS5\/schedule\/#primaryimage"},"image":{"@id":"https:\/\/www.full-parallax-imaging.eu\/TS5\/schedule\/#primaryimage"},"thumbnailUrl":"http:\/\/www.full-parallax-imaging.eu\/TS5\/wp-content\/uploads\/2018\/01\/TS_0473_850x250.jpg","datePublished":"2016-07-11T13:01:39+00:00","dateModified":"2018-05-25T06:28:53+00:00","inLanguage":"en-US","potentialAction":[{"@type":"ReadAction","target":["https:\/\/www.full-parallax-imaging.eu\/TS5\/schedule\/"]}]},{"@type":"ImageObject","inLanguage":"en-US","@id":"https:\/\/www.full-parallax-imaging.eu\/TS5\/schedule\/#primaryimage","url":"https:\/\/i0.wp.com\/www.full-parallax-imaging.eu\/TS5\/wp-content\/uploads\/2018\/01\/TS_0473_850x250.jpg?fit=850%2C250&ssl=1","contentUrl":"https:\/\/i0.wp.com\/www.full-parallax-imaging.eu\/TS5\/wp-content\/uploads\/2018\/01\/TS_0473_850x250.jpg?fit=850%2C250&ssl=1","width":850,"height":250,"caption":"Schedule. Photo: Tina Stafr\u00e9n"},{"@type":"WebSite","@id":"https:\/\/www.full-parallax-imaging.eu\/TS5\/#website","url":"https:\/\/www.full-parallax-imaging.eu\/TS5\/","name":"Training School on &quot;&quot;","description":"","potentialAction":[{"@type":"SearchAction","target":{"@type":"EntryPoint","urlTemplate":"https:\/\/www.full-parallax-imaging.eu\/TS5\/?s={search_term_string}"},"query-input":{"@type":"PropertyValueSpecification","valueRequired":true,"valueName":"search_term_string"}}],"inLanguage":"en-US"}]}},"jetpack_sharing_enabled":true,"_links":{"self":[{"href":"https:\/\/www.full-parallax-imaging.eu\/TS5\/wp-json\/wp\/v2\/pages\/14","targetHints":{"allow":["GET"]}}],"collection":[{"href":"https:\/\/www.full-parallax-imaging.eu\/TS5\/wp-json\/wp\/v2\/pages"}],"about":[{"href":"https:\/\/www.full-parallax-imaging.eu\/TS5\/wp-json\/wp\/v2\/types\/page"}],"author":[{"embeddable":true,"href":"https:\/\/www.full-parallax-imaging.eu\/TS5\/wp-json\/wp\/v2\/users\/1"}],"replies":[{"embeddable":true,"href":"https:\/\/www.full-parallax-imaging.eu\/TS5\/wp-json\/wp\/v2\/comments?post=14"}],"version-history":[{"count":17,"href":"https:\/\/www.full-parallax-imaging.eu\/TS5\/wp-json\/wp\/v2\/pages\/14\/revisions"}],"predecessor-version":[{"id":405,"href":"https:\/\/www.full-parallax-imaging.eu\/TS5\/wp-json\/wp\/v2\/pages\/14\/revisions\/405"}],"wp:attachment":[{"href":"https:\/\/www.full-parallax-imaging.eu\/TS5\/wp-json\/wp\/v2\/media?parent=14"}],"curies":[{"name":"wp","href":"https:\/\/api.w.org\/{rel}","templated":true}]}}